{"id":307,"date":"2025-03-12T15:27:49","date_gmt":"2025-03-12T15:27:49","guid":{"rendered":"https:\/\/prefabricadasguadalcacin.com\/?page_id=307"},"modified":"2025-03-12T16:02:11","modified_gmt":"2025-03-12T16:02:11","slug":"modulo-prefabricado-para-oficinas","status":"publish","type":"page","link":"https:\/\/prefabricadasguadalcacin.com\/?page_id=307","title":{"rendered":"M\u00d3DULO PREFABRICADO PARA OFICINAS"},"content":{"rendered":"<p>[et_pb_section fb_built=\u00bb1&#8243; custom_padding_last_edited=\u00bbon|phone\u00bb _builder_version=\u00bb4.27.4&#8243; _module_preset=\u00bbdefault\u00bb background_enable_image=\u00bboff\u00bb background_size=\u00bbinitial\u00bb background_repeat=\u00bbrepeat\u00bb custom_margin=\u00bb0px||0px||false|false\u00bb custom_padding=\u00bb0px||0px||false|false\u00bb custom_padding_tablet=\u00bb\u00bb custom_padding_phone=\u00bb0px||0px||false|false\u00bb locked=\u00bboff\u00bb global_colors_info=\u00bb{}\u00bb theme_builder_area=\u00bbpost_content\u00bb][et_pb_row column_structure=\u00bb1_2,1_2&#8243; use_custom_gutter=\u00bbon\u00bb gutter_width=\u00bb1&#8243; make_equal=\u00bbon\u00bb _builder_version=\u00bb4.27.4&#8243; width=\u00bb100%\u00bb max_width=\u00bb100%\u00bb custom_padding=\u00bb0px||0px||true|false\u00bb hover_enabled=\u00bb0&#8243; global_colors_info=\u00bb{}\u00bb theme_builder_area=\u00bbpost_content\u00bb sticky_enabled=\u00bb0&#8243;][et_pb_column type=\u00bb1_2&#8243; _builder_version=\u00bb4.16&#8243; background_color=\u00bb#282828&#8243; custom_padding=\u00bb5%|6%|5%|6%|true|true\u00bb animation_style=\u00bbfold\u00bb animation_direction=\u00bbright\u00bb animation_delay=\u00bb750ms\u00bb global_colors_info=\u00bb{}\u00bb theme_builder_area=\u00bbpost_content\u00bb][et_pb_text _builder_version=\u00bb4.27.4&#8243; header_3_font=\u00bbPoppins|700||on|||||\u00bb header_3_text_align=\u00bbleft\u00bb header_3_text_color=\u00bb#FFFFFF\u00bb header_3_font_size=\u00bb43px\u00bb header_3_line_height=\u00bb1.2em\u00bb custom_margin=\u00bb25px|||62px|false|false\u00bb custom_margin_tablet=\u00bb\u00bb custom_margin_phone=\u00bb25px|||0px|false|false\u00bb custom_margin_last_edited=\u00bbon|phone\u00bb hover_enabled=\u00bb0&#8243; header_3_font_size_tablet=\u00bb40px\u00bb header_3_font_size_phone=\u00bb28px\u00bb header_3_font_size_last_edited=\u00bbon|phone\u00bb global_colors_info=\u00bb{}\u00bb theme_builder_area=\u00bbpost_content\u00bb sticky_enabled=\u00bb0&#8243;]<\/p>\n<h3><strong>M\u00d3DULO PREFABRICADO PARA OFICINAS<\/strong><\/h3>\n<p>[\/et_pb_text][et_pb_text _builder_version=\u00bb4.27.4&#8243; text_font=\u00bbPoppins|300|||||||\u00bb text_text_color=\u00bb#bababa\u00bb text_font_size=\u00bb20px\u00bb text_line_height=\u00bb1.6em\u00bb text_orientation=\u00bbjustified\u00bb custom_margin=\u00bb13px|||62px|false|false\u00bb custom_margin_tablet=\u00bb\u00bb custom_margin_phone=\u00bb13px|0px||0px|false|false\u00bb custom_margin_last_edited=\u00bbon|phone\u00bb hover_enabled=\u00bb0&#8243; text_font_size_tablet=\u00bb\u00bb text_font_size_phone=\u00bb17px\u00bb text_font_size_last_edited=\u00bbon|phone\u00bb global_colors_info=\u00bb{}\u00bb theme_builder_area=\u00bbpost_content\u00bb sticky_enabled=\u00bb0&#8243;]<\/p>\n<p>M\u00f3dulos prefabricados de 6 x 2,4 metros.<\/p>\n<p><strong>Unidades:<\/strong> 1 m\u00f3dulo.<\/p>\n<p>&nbsp;<\/p>\n<p>[\/et_pb_text][et_pb_button button_url=\u00bbhttps:\/\/prefabricadasguadalcacin.com\/?page_id=147&#8243; button_text=\u00bbSolicitar Presupuesto\u00bb _builder_version=\u00bb4.27.4&#8243; custom_button=\u00bbon\u00bb button_text_size=\u00bb15px\u00bb button_text_color=\u00bb#FFFFFF\u00bb button_bg_color=\u00bbrgba(0,0,0,0)\u00bb button_border_width=\u00bb3px\u00bb button_border_color=\u00bb#FFFFFF\u00bb button_border_radius=\u00bb0px\u00bb button_letter_spacing=\u00bb1px\u00bb button_font=\u00bbArimo|700|||||||\u00bb button_use_icon=\u00bboff\u00bb custom_margin=\u00bb51px|||62px|false|false\u00bb custom_margin_tablet=\u00bb\u00bb custom_margin_phone=\u00bb51px||20px|0px|false|false\u00bb custom_margin_last_edited=\u00bbon|phone\u00bb custom_padding=\u00bb20px|60px|20px|60px|true|true\u00bb custom_padding_tablet=\u00bb\u00bb custom_padding_phone=\u00bb20px|20px|20px|20px|true|true\u00bb custom_padding_last_edited=\u00bbon|phone\u00bb global_colors_info=\u00bb{}\u00bb button_text_color__hover_enabled=\u00bbon|hover\u00bb button_text_color__hover=\u00bb#000000&#8243; button_bg_color__hover_enabled=\u00bbon|hover\u00bb button_bg_color__hover=\u00bb#FFFFFF\u00bb button_bg_enable_color__hover=\u00bbon\u00bb button_border_color__hover_enabled=\u00bbon|hover\u00bb button_border_color__hover=\u00bbRGBA(0,0,0,0)\u00bb button_letter_spacing__hover_enabled=\u00bbon|desktop\u00bb button_letter_spacing__hover=\u00bb1px\u00bb theme_builder_area=\u00bbpost_content\u00bb][\/et_pb_button][\/et_pb_column][et_pb_column type=\u00bb1_2&#8243; _builder_version=\u00bb4.27.4&#8243; background_image=\u00bbhttps:\/\/prefabricadasguadalcacin.com\/wp-content\/uploads\/2025\/03\/021-casas-prefabricadas-guadalcacin.jpg\u00bb animation_style=\u00bbfold\u00bb animation_direction=\u00bbleft\u00bb animation_delay=\u00bb500ms\u00bb hover_enabled=\u00bb0&#8243; global_colors_info=\u00bb{}\u00bb theme_builder_area=\u00bbpost_content\u00bb title_text=\u00bb021-casas-prefabricadas-guadalcacin\u00bb sticky_enabled=\u00bb0&#8243;][et_pb_divider show_divider=\u00bboff\u00bb _builder_version=\u00bb4.27.4&#8243; custom_padding=\u00bb||399px|||\u00bb custom_padding_tablet=\u00bb30%||30%||true|false\u00bb custom_padding_phone=\u00bb40%||40%||true|false\u00bb custom_padding_last_edited=\u00bbon|phone\u00bb hover_enabled=\u00bb0&#8243; global_colors_info=\u00bb{}\u00bb theme_builder_area=\u00bbpost_content\u00bb sticky_enabled=\u00bb0&#8243;][\/et_pb_divider][\/et_pb_column][\/et_pb_row][\/et_pb_section][et_pb_section fb_built=\u00bb1&#8243; custom_padding_last_edited=\u00bbon|phone\u00bb _builder_version=\u00bb4.16&#8243; _module_preset=\u00bbdefault\u00bb background_image=\u00bbhttps:\/\/prefabricadasguadalcacin.com\/wp-content\/uploads\/2024\/09\/architect-134-4.png\u00bb background_size=\u00bbinitial\u00bb background_repeat=\u00bbrepeat\u00bb custom_padding=\u00bb116px||94px||false|false\u00bb custom_padding_tablet=\u00bb\u00bb custom_padding_phone=\u00bb80px||117px||false|false\u00bb locked=\u00bboff\u00bb global_colors_info=\u00bb{}\u00bb theme_builder_area=\u00bbpost_content\u00bb][et_pb_row column_structure=\u00bb1_2,1_2&#8243; _builder_version=\u00bb4.16&#8243; _module_preset=\u00bbdefault\u00bb width=\u00bb85%\u00bb max_width=\u00bb1337px\u00bb custom_padding=\u00bb0px|||||\u00bb global_colors_info=\u00bb{}\u00bb theme_builder_area=\u00bbpost_content\u00bb][et_pb_column type=\u00bb1_2&#8243; _builder_version=\u00bb4.16&#8243; _module_preset=\u00bbdefault\u00bb global_colors_info=\u00bb{}\u00bb theme_builder_area=\u00bbpost_content\u00bb][et_pb_image src=\u00bbhttps:\/\/prefabricadasguadalcacin.com\/wp-content\/uploads\/2024\/09\/architect-134-2.png\u00bb title_text=\u00bbarchitect-134-2&#8243; _builder_version=\u00bb4.16&#8243; _module_preset=\u00bbdefault\u00bb width=\u00bb17%\u00bb module_alignment=\u00bbleft\u00bb global_colors_info=\u00bb{}\u00bb theme_builder_area=\u00bbpost_content\u00bb][\/et_pb_image][et_pb_text _builder_version=\u00bb4.27.4&#8243; header_3_font=\u00bbPoppins|700||on|||||\u00bb header_3_text_align=\u00bbleft\u00bb header_3_text_color=\u00bb#212163&#8243; header_3_font_size=\u00bb35px\u00bb custom_margin=\u00bb||26px||false|false\u00bb custom_margin_tablet=\u00bb-10px||||false|false\u00bb custom_margin_phone=\u00bb-10px||||false|false\u00bb custom_margin_last_edited=\u00bbon|phone\u00bb header_3_font_size_tablet=\u00bb40px\u00bb header_3_font_size_phone=\u00bb28px\u00bb header_3_font_size_last_edited=\u00bbon|phone\u00bb global_colors_info=\u00bb{}\u00bb theme_builder_area=\u00bbpost_content\u00bb]<\/p>\n<h3><strong>CARACTER\u00cdSTICAS<\/strong><\/h3>\n<p>[\/et_pb_text][et_pb_text _builder_version=\u00bb4.27.4&#8243; text_font=\u00bbPoppins|300|||||||\u00bb text_text_color=\u00bb#6b6b6b\u00bb text_font_size=\u00bb18px\u00bb text_line_height=\u00bb1.5em\u00bb text_orientation=\u00bbjustified\u00bb custom_margin=\u00bb13px||||false|false\u00bb custom_margin_tablet=\u00bb\u00bb custom_margin_phone=\u00bb13px||||false|false\u00bb custom_margin_last_edited=\u00bbon|phone\u00bb hover_enabled=\u00bb0&#8243; text_font_size_tablet=\u00bb\u00bb text_font_size_phone=\u00bb17px\u00bb text_font_size_last_edited=\u00bbon|phone\u00bb text_orientation_tablet=\u00bbjustified\u00bb text_orientation_phone=\u00bbleft\u00bb text_orientation_last_edited=\u00bbon|phone\u00bb global_colors_info=\u00bb{}\u00bb theme_builder_area=\u00bbpost_content\u00bb sticky_enabled=\u00bb0&#8243;]<\/p>\n<p><img loading=\"lazy\" decoding=\"async\" src=\"https:\/\/prefabricadasguadalcacin.com\/wp-content\/uploads\/2025\/03\/001-logotipo-casas-prefabricadas-guadalcacin-247x300.png\" width=\"16\" height=\"19\" alt=\"\" class=\"wp-image-173 alignnone size-medium\" \/>\u00a0 M\u00f3dulo prefabricado en panel s\u00e1ndwich de 6,00 x 2,40 metros con aseo + sala.<\/p>\n<p><img loading=\"lazy\" decoding=\"async\" src=\"https:\/\/prefabricadasguadalcacin.com\/wp-content\/uploads\/2025\/03\/001-logotipo-casas-prefabricadas-guadalcacin-247x300.png\" width=\"16\" height=\"19\" alt=\"\" class=\"wp-image-173 alignnone size-medium\" \/>\u00a0 Panel s\u00e1ndwich de fachada de 40mm en color gris blanco.<\/p>\n<p><img loading=\"lazy\" decoding=\"async\" src=\"https:\/\/prefabricadasguadalcacin.com\/wp-content\/uploads\/2025\/03\/001-logotipo-casas-prefabricadas-guadalcacin-247x300.png\" width=\"16\" height=\"19\" alt=\"\" class=\"wp-image-173 alignnone size-medium\" \/>\u00a0 Carpinter\u00eda en color blanco.<\/p>\n<p><img loading=\"lazy\" decoding=\"async\" src=\"https:\/\/prefabricadasguadalcacin.com\/wp-content\/uploads\/2025\/03\/001-logotipo-casas-prefabricadas-guadalcacin-247x300.png\" width=\"16\" height=\"19\" alt=\"\" class=\"wp-image-173 alignnone size-medium\" \/>\u00a0 Instalaci\u00f3n el\u00e9ctrica y de fontaner\u00eda incluida.<\/p>\n<p>[\/et_pb_text][\/et_pb_column][et_pb_column type=\u00bb1_2&#8243; _builder_version=\u00bb4.16&#8243; _module_preset=\u00bbdefault\u00bb global_colors_info=\u00bb{}\u00bb theme_builder_area=\u00bbpost_content\u00bb][et_pb_image src=\u00bbhttps:\/\/prefabricadasguadalcacin.com\/wp-content\/uploads\/2024\/09\/architect-134-2.png\u00bb title_text=\u00bbarchitect-134-2&#8243; _builder_version=\u00bb4.16&#8243; _module_preset=\u00bbdefault\u00bb width=\u00bb17%\u00bb module_alignment=\u00bbleft\u00bb global_colors_info=\u00bb{}\u00bb theme_builder_area=\u00bbpost_content\u00bb][\/et_pb_image][et_pb_text _builder_version=\u00bb4.27.4&#8243; header_3_font=\u00bbPoppins|700||on|||||\u00bb header_3_text_align=\u00bbleft\u00bb header_3_text_color=\u00bb#212163&#8243; header_3_font_size=\u00bb35px\u00bb custom_margin=\u00bb||26px||false|false\u00bb custom_margin_tablet=\u00bb-10px||||false|false\u00bb custom_margin_phone=\u00bb-10px||||false|false\u00bb custom_margin_last_edited=\u00bbon|phone\u00bb header_3_font_size_tablet=\u00bb40px\u00bb header_3_font_size_phone=\u00bb28px\u00bb header_3_font_size_last_edited=\u00bbon|phone\u00bb global_colors_info=\u00bb{}\u00bb theme_builder_area=\u00bbpost_content\u00bb]<\/p>\n<h3><strong>CONSTRUCCI\u00d3N E INSTALACI\u00d3N<\/strong><\/h3>\n<p>[\/et_pb_text][et_pb_text _builder_version=\u00bb4.27.4&#8243; text_font=\u00bbPoppins|300|||||||\u00bb text_text_color=\u00bb#6b6b6b\u00bb text_font_size=\u00bb18px\u00bb text_line_height=\u00bb1.5em\u00bb text_orientation=\u00bbjustified\u00bb custom_margin=\u00bb13px||||false|false\u00bb custom_margin_tablet=\u00bb\u00bb custom_margin_phone=\u00bb13px||||false|false\u00bb custom_margin_last_edited=\u00bbon|phone\u00bb hover_enabled=\u00bb0&#8243; text_font_size_tablet=\u00bb\u00bb text_font_size_phone=\u00bb17px\u00bb text_font_size_last_edited=\u00bbon|phone\u00bb text_orientation_tablet=\u00bbjustified\u00bb text_orientation_phone=\u00bbleft\u00bb text_orientation_last_edited=\u00bbon|phone\u00bb global_colors_info=\u00bb{}\u00bb theme_builder_area=\u00bbpost_content\u00bb sticky_enabled=\u00bb0&#8243;]<\/p>\n<p><img loading=\"lazy\" decoding=\"async\" src=\"https:\/\/prefabricadasguadalcacin.com\/wp-content\/uploads\/2025\/03\/001-logotipo-casas-prefabricadas-guadalcacin-247x300.png\" width=\"16\" height=\"19\" alt=\"\" class=\"wp-image-173 alignnone size-medium\" \/>\u00a0 M\u00f3dulo transportable y sin montaje, solo requiere de descarga y conexiones exteriores de acometidas.<\/p>\n<p><img loading=\"lazy\" decoding=\"async\" src=\"https:\/\/prefabricadasguadalcacin.com\/wp-content\/uploads\/2025\/03\/001-logotipo-casas-prefabricadas-guadalcacin-247x300.png\" width=\"16\" height=\"19\" alt=\"\" class=\"wp-image-173 alignnone size-medium\" \/>\u00a0 Tipo de construcci\u00f3n: Instalaci\u00f3n r\u00e1pida montada, necesaria carretilla elevadora o gr\u00faa para su montaje<\/p>\n<p><img loading=\"lazy\" decoding=\"async\" src=\"https:\/\/prefabricadasguadalcacin.com\/wp-content\/uploads\/2025\/03\/001-logotipo-casas-prefabricadas-guadalcacin-247x300.png\" width=\"16\" height=\"19\" alt=\"\" class=\"wp-image-173 alignnone size-medium\" \/>\u00a0 Instalaci\u00f3n de los m\u00f3dulos: 1 hora.<\/p>\n<p>[\/et_pb_text][\/et_pb_column][\/et_pb_row][et_pb_row _builder_version=\u00bb4.27.4&#8243; _module_preset=\u00bbdefault\u00bb width=\u00bb85%\u00bb max_width=\u00bb1337px\u00bb custom_padding=\u00bb57px||12px||false|false\u00bb global_colors_info=\u00bb{}\u00bb theme_builder_area=\u00bbpost_content\u00bb][et_pb_column type=\u00bb4_4&#8243; _builder_version=\u00bb4.16&#8243; _module_preset=\u00bbdefault\u00bb global_colors_info=\u00bb{}\u00bb theme_builder_area=\u00bbpost_content\u00bb][et_pb_image src=\u00bbhttps:\/\/prefabricadasguadalcacin.com\/wp-content\/uploads\/2024\/09\/architect-134-2.png\u00bb title_text=\u00bbarchitect-134-2&#8243; _builder_version=\u00bb4.16&#8243; _module_preset=\u00bbdefault\u00bb width=\u00bb17%\u00bb module_alignment=\u00bbleft\u00bb global_colors_info=\u00bb{}\u00bb theme_builder_area=\u00bbpost_content\u00bb][\/et_pb_image][et_pb_text _builder_version=\u00bb4.27.4&#8243; header_3_font=\u00bbPoppins|700||on|||||\u00bb header_3_text_align=\u00bbleft\u00bb header_3_text_color=\u00bb#212163&#8243; header_3_font_size=\u00bb51px\u00bb custom_margin=\u00bb||5px||false|false\u00bb custom_margin_tablet=\u00bb-10px||||false|false\u00bb custom_margin_phone=\u00bb-10px||||false|false\u00bb custom_margin_last_edited=\u00bbon|phone\u00bb header_3_font_size_tablet=\u00bb40px\u00bb header_3_font_size_phone=\u00bb28px\u00bb header_3_font_size_last_edited=\u00bbon|phone\u00bb global_colors_info=\u00bb{}\u00bb theme_builder_area=\u00bbpost_content\u00bb]<\/p>\n<h3><strong>GALER\u00cdA<\/strong><\/h3>\n<p>[\/et_pb_text][\/et_pb_column][\/et_pb_row][et_pb_row column_structure=\u00bb1_3,1_3,1_3&#8243; use_custom_gutter=\u00bbon\u00bb gutter_width=\u00bb2&#8243; _builder_version=\u00bb4.27.4&#8243; _module_preset=\u00bbdefault\u00bb width=\u00bb85%\u00bb max_width=\u00bb1337px\u00bb custom_padding=\u00bb32px||||false|false\u00bb global_colors_info=\u00bb{}\u00bb theme_builder_area=\u00bbpost_content\u00bb][et_pb_column type=\u00bb1_3&#8243; _builder_version=\u00bb4.27.4&#8243; _module_preset=\u00bbdefault\u00bb global_colors_info=\u00bb{}\u00bb theme_builder_area=\u00bbpost_content\u00bb][et_pb_image src=\u00bbhttps:\/\/prefabricadasguadalcacin.com\/wp-content\/uploads\/2025\/03\/001-moDULO-PREFABRICADO-PARA-OFICINAS.jpg\u00bb title_text=\u00bb001-moDULO PREFABRICADO PARA OFICINAS\u00bb show_in_lightbox=\u00bbon\u00bb _builder_version=\u00bb4.27.4&#8243; _module_preset=\u00bbdefault\u00bb hover_enabled=\u00bb0&#8243; box_shadow_style=\u00bbpreset4&#8243; box_shadow_horizontal=\u00bb6px\u00bb box_shadow_vertical=\u00bb4px\u00bb box_shadow_color=\u00bb#eaeaea\u00bb global_colors_info=\u00bb{}\u00bb theme_builder_area=\u00bbpost_content\u00bb sticky_enabled=\u00bb0&#8243;][\/et_pb_image][\/et_pb_column][et_pb_column type=\u00bb1_3&#8243; _builder_version=\u00bb4.27.4&#8243; _module_preset=\u00bbdefault\u00bb global_colors_info=\u00bb{}\u00bb theme_builder_area=\u00bbpost_content\u00bb][et_pb_image src=\u00bbhttps:\/\/prefabricadasguadalcacin.com\/wp-content\/uploads\/2025\/03\/002-moDULO-PREFABRICADO-PARA-OFICINAS.jpg\u00bb title_text=\u00bb002-moDULO PREFABRICADO PARA OFICINAS\u00bb show_in_lightbox=\u00bbon\u00bb _builder_version=\u00bb4.27.4&#8243; _module_preset=\u00bbdefault\u00bb hover_enabled=\u00bb0&#8243; box_shadow_style=\u00bbpreset4&#8243; box_shadow_horizontal=\u00bb6px\u00bb box_shadow_vertical=\u00bb4px\u00bb box_shadow_color=\u00bb#eaeaea\u00bb global_colors_info=\u00bb{}\u00bb theme_builder_area=\u00bbpost_content\u00bb sticky_enabled=\u00bb0&#8243;][\/et_pb_image][\/et_pb_column][et_pb_column type=\u00bb1_3&#8243; _builder_version=\u00bb4.27.4&#8243; _module_preset=\u00bbdefault\u00bb global_colors_info=\u00bb{}\u00bb theme_builder_area=\u00bbpost_content\u00bb][et_pb_image src=\u00bbhttps:\/\/prefabricadasguadalcacin.com\/wp-content\/uploads\/2025\/03\/003-moDULO-PREFABRICADO-PARA-OFICINAS.jpg\u00bb title_text=\u00bb003-moDULO PREFABRICADO PARA OFICINAS\u00bb show_in_lightbox=\u00bbon\u00bb _builder_version=\u00bb4.27.4&#8243; _module_preset=\u00bbdefault\u00bb hover_enabled=\u00bb0&#8243; box_shadow_style=\u00bbpreset4&#8243; box_shadow_horizontal=\u00bb6px\u00bb box_shadow_vertical=\u00bb4px\u00bb box_shadow_color=\u00bb#eaeaea\u00bb global_colors_info=\u00bb{}\u00bb theme_builder_area=\u00bbpost_content\u00bb sticky_enabled=\u00bb0&#8243;][\/et_pb_image][\/et_pb_column][\/et_pb_row][et_pb_row column_structure=\u00bb1_3,1_3,1_3&#8243; use_custom_gutter=\u00bbon\u00bb gutter_width=\u00bb2&#8243; _builder_version=\u00bb4.27.4&#8243; _module_preset=\u00bbdefault\u00bb width=\u00bb85%\u00bb max_width=\u00bb1337px\u00bb custom_padding=\u00bb32px||||false|false\u00bb global_colors_info=\u00bb{}\u00bb theme_builder_area=\u00bbpost_content\u00bb][et_pb_column type=\u00bb1_3&#8243; _builder_version=\u00bb4.27.4&#8243; _module_preset=\u00bbdefault\u00bb global_colors_info=\u00bb{}\u00bb theme_builder_area=\u00bbpost_content\u00bb][et_pb_image src=\u00bbhttps:\/\/prefabricadasguadalcacin.com\/wp-content\/uploads\/2025\/03\/004-moDULO-PREFABRICADO-PARA-OFICINAS.jpg\u00bb title_text=\u00bb004-moDULO PREFABRICADO PARA OFICINAS\u00bb show_in_lightbox=\u00bbon\u00bb _builder_version=\u00bb4.27.4&#8243; _module_preset=\u00bbdefault\u00bb hover_enabled=\u00bb0&#8243; box_shadow_style=\u00bbpreset4&#8243; box_shadow_horizontal=\u00bb6px\u00bb box_shadow_vertical=\u00bb4px\u00bb box_shadow_color=\u00bb#eaeaea\u00bb global_colors_info=\u00bb{}\u00bb theme_builder_area=\u00bbpost_content\u00bb sticky_enabled=\u00bb0&#8243;][\/et_pb_image][\/et_pb_column][et_pb_column type=\u00bb1_3&#8243; _builder_version=\u00bb4.27.4&#8243; _module_preset=\u00bbdefault\u00bb global_colors_info=\u00bb{}\u00bb theme_builder_area=\u00bbpost_content\u00bb][et_pb_image src=\u00bbhttps:\/\/prefabricadasguadalcacin.com\/wp-content\/uploads\/2025\/03\/005-moDULO-PREFABRICADO-PARA-OFICINAS.jpg\u00bb title_text=\u00bb005-moDULO PREFABRICADO PARA OFICINAS\u00bb show_in_lightbox=\u00bbon\u00bb _builder_version=\u00bb4.27.4&#8243; _module_preset=\u00bbdefault\u00bb hover_enabled=\u00bb0&#8243; box_shadow_style=\u00bbpreset4&#8243; box_shadow_horizontal=\u00bb6px\u00bb box_shadow_vertical=\u00bb4px\u00bb box_shadow_color=\u00bb#eaeaea\u00bb global_colors_info=\u00bb{}\u00bb theme_builder_area=\u00bbpost_content\u00bb sticky_enabled=\u00bb0&#8243;][\/et_pb_image][\/et_pb_column][et_pb_column type=\u00bb1_3&#8243; _builder_version=\u00bb4.27.4&#8243; _module_preset=\u00bbdefault\u00bb global_colors_info=\u00bb{}\u00bb theme_builder_area=\u00bbpost_content\u00bb][et_pb_image src=\u00bbhttps:\/\/prefabricadasguadalcacin.com\/wp-content\/uploads\/2025\/03\/006-moDULO-PREFABRICADO-PARA-OFICINAS.jpg\u00bb title_text=\u00bb006-moDULO PREFABRICADO PARA OFICINAS\u00bb show_in_lightbox=\u00bbon\u00bb _builder_version=\u00bb4.27.4&#8243; _module_preset=\u00bbdefault\u00bb hover_enabled=\u00bb0&#8243; box_shadow_style=\u00bbpreset4&#8243; box_shadow_horizontal=\u00bb6px\u00bb box_shadow_vertical=\u00bb4px\u00bb box_shadow_color=\u00bb#eaeaea\u00bb global_colors_info=\u00bb{}\u00bb theme_builder_area=\u00bbpost_content\u00bb sticky_enabled=\u00bb0&#8243;][\/et_pb_image][\/et_pb_column][\/et_pb_row][et_pb_row column_structure=\u00bb1_3,1_3,1_3&#8243; use_custom_gutter=\u00bbon\u00bb gutter_width=\u00bb2&#8243; _builder_version=\u00bb4.27.4&#8243; _module_preset=\u00bbdefault\u00bb width=\u00bb85%\u00bb max_width=\u00bb1337px\u00bb custom_padding=\u00bb32px||||false|false\u00bb global_colors_info=\u00bb{}\u00bb theme_builder_area=\u00bbpost_content\u00bb][et_pb_column type=\u00bb1_3&#8243; _builder_version=\u00bb4.27.4&#8243; _module_preset=\u00bbdefault\u00bb global_colors_info=\u00bb{}\u00bb theme_builder_area=\u00bbpost_content\u00bb][et_pb_image src=\u00bbhttps:\/\/prefabricadasguadalcacin.com\/wp-content\/uploads\/2025\/03\/007-moDULO-PREFABRICADO-PARA-OFICINAS.jpg\u00bb title_text=\u00bb007-moDULO PREFABRICADO PARA OFICINAS\u00bb show_in_lightbox=\u00bbon\u00bb _builder_version=\u00bb4.27.4&#8243; _module_preset=\u00bbdefault\u00bb hover_enabled=\u00bb0&#8243; box_shadow_style=\u00bbpreset4&#8243; box_shadow_horizontal=\u00bb6px\u00bb box_shadow_vertical=\u00bb4px\u00bb box_shadow_color=\u00bb#eaeaea\u00bb global_colors_info=\u00bb{}\u00bb theme_builder_area=\u00bbpost_content\u00bb sticky_enabled=\u00bb0&#8243;][\/et_pb_image][\/et_pb_column][et_pb_column type=\u00bb1_3&#8243; _builder_version=\u00bb4.27.4&#8243; _module_preset=\u00bbdefault\u00bb global_colors_info=\u00bb{}\u00bb theme_builder_area=\u00bbpost_content\u00bb][et_pb_image src=\u00bbhttps:\/\/prefabricadasguadalcacin.com\/wp-content\/uploads\/2025\/03\/008-moDULO-PREFABRICADO-PARA-OFICINAS.jpg\u00bb title_text=\u00bb008-moDULO PREFABRICADO PARA OFICINAS\u00bb show_in_lightbox=\u00bbon\u00bb _builder_version=\u00bb4.27.4&#8243; _module_preset=\u00bbdefault\u00bb hover_enabled=\u00bb0&#8243; box_shadow_style=\u00bbpreset4&#8243; box_shadow_horizontal=\u00bb6px\u00bb box_shadow_vertical=\u00bb4px\u00bb box_shadow_color=\u00bb#eaeaea\u00bb global_colors_info=\u00bb{}\u00bb theme_builder_area=\u00bbpost_content\u00bb sticky_enabled=\u00bb0&#8243;][\/et_pb_image][\/et_pb_column][et_pb_column type=\u00bb1_3&#8243; _builder_version=\u00bb4.27.4&#8243; _module_preset=\u00bbdefault\u00bb global_colors_info=\u00bb{}\u00bb theme_builder_area=\u00bbpost_content\u00bb][\/et_pb_column][\/et_pb_row][\/et_pb_section]<\/p>\n","protected":false},"excerpt":{"rendered":"<p>M\u00d3DULO PREFABRICADO PARA OFICINASM\u00f3dulos prefabricados de 6 x 2,4 metros. Unidades: 1 m\u00f3dulo. &nbsp;CARACTER\u00cdSTICAS\u00a0 M\u00f3dulo prefabricado en panel s\u00e1ndwich de 6,00 x 2,40 metros con aseo + sala. \u00a0 Panel s\u00e1ndwich de fachada de 40mm en color gris blanco. \u00a0 Carpinter\u00eda en color blanco. \u00a0 Instalaci\u00f3n el\u00e9ctrica y de fontaner\u00eda incluida.CONSTRUCCI\u00d3N E INSTALACI\u00d3N\u00a0 M\u00f3dulo transportable [&hellip;]<\/p>\n","protected":false},"author":1,"featured_media":0,"parent":0,"menu_order":0,"comment_status":"closed","ping_status":"closed","template":"","meta":{"_et_pb_use_builder":"on","_et_pb_old_content":"","_et_gb_content_width":"","footnotes":""},"class_list":["post-307","page","type-page","status-publish","hentry"],"_links":{"self":[{"href":"https:\/\/prefabricadasguadalcacin.com\/index.php?rest_route=\/wp\/v2\/pages\/307","targetHints":{"allow":["GET"]}}],"collection":[{"href":"https:\/\/prefabricadasguadalcacin.com\/index.php?rest_route=\/wp\/v2\/pages"}],"about":[{"href":"https:\/\/prefabricadasguadalcacin.com\/index.php?rest_route=\/wp\/v2\/types\/page"}],"author":[{"embeddable":true,"href":"https:\/\/prefabricadasguadalcacin.com\/index.php?rest_route=\/wp\/v2\/users\/1"}],"replies":[{"embeddable":true,"href":"https:\/\/prefabricadasguadalcacin.com\/index.php?rest_route=%2Fwp%2Fv2%2Fcomments&post=307"}],"version-history":[{"count":0,"href":"https:\/\/prefabricadasguadalcacin.com\/index.php?rest_route=\/wp\/v2\/pages\/307\/revisions"}],"wp:attachment":[{"href":"https:\/\/prefabricadasguadalcacin.com\/index.php?rest_route=%2Fwp%2Fv2%2Fmedia&parent=307"}],"curies":[{"name":"wp","href":"https:\/\/api.w.org\/{rel}","templated":true}]}}